{"id":224,"date":"2019-11-10T22:42:02","date_gmt":"2019-11-10T22:42:02","guid":{"rendered":"http:\/\/www.akademiamabo.pl\/?page_id=224"},"modified":"2025-02-13T12:58:46","modified_gmt":"2025-02-13T11:58:46","slug":"skladki-czlonkowskie","status":"publish","type":"page","link":"https:\/\/akademiamabo.pl\/index.php\/skladki-czlonkowskie\/","title":{"rendered":"Sk\u0142adki cz\u0142onkowskie"},"content":{"rendered":"<p>Rodzice\/opiekunowie zobowi\u0105zuj\u0105 si\u0119 do terminowego op\u0142acania sk\u0142adek do 5-go dnia ka\u017cdego miesi\u0105ca.<\/p>\n<p>Sk\u0142adki miesi\u0119czne uiszczane przez rodzic\u00f3w wp\u0142acane s\u0105 przez 12 miesi\u0119cy w roku, przez ca\u0142y okres trwania w cz\u0142onkostwie niezale\u017cnie od ilo\u015bci zaj\u0119\u0107 treningowych w danym miesi\u0105cu (r\u00f3wnie\u017c w okresie wakacyjnym oraz \u015bwi\u0105tecznym).<\/p>\n<p><strong>WYSOKO\u015a\u0106 SK\u0141ADKI I WA\u017bNE INFORMACJE<\/strong><\/p>\n<p>Op\u0142aty za treningi dla dzieci trenuj\u0105cych w UKS Projekt Akademii MABO, przedstawiaj\u0105 si\u0119 nast\u0119puj\u0105co:<\/p>\n<ul>\n<li><strong>200 z\u0142 \u2013 Grupa 2013 &#8211; trenuj\u0105ca 4 x w tygodniu<\/strong><\/li>\n<li><strong>150 z\u0142 \u2013 Grupa 2014 &#8211; trenuj\u0105ca 3 x w tygodniu<\/strong><\/li>\n<li><strong>150 z\u0142 \u2013 Grupa 2015 &#8211; trenuj\u0105ca 3 x w tygodniu<\/strong><\/li>\n<li><strong>130 z\u0142 \u2013 Grupa 2016\/2017 &#8211; trenuj\u0105ca 2 x w tygodniu<\/strong><\/li>\n<li><strong>130 z\u0142 \u2013 Grupa MABO KIDS<\/strong><\/li>\n<\/ul>\n<p>Jednorazow\u0105 <strong>op\u0142at\u0119 wpisow\u0105<\/strong>&nbsp;w wysoko\u015bci&nbsp;<strong>100 z\u0142<\/strong> nale\u017cy wp\u0142aci\u0107 przelewem na wskazane poni\u017cej konto po zaj\u0119ciach pr\u00f3bnych i decyzji o kontynuowaniu trening\u00f3w.<\/p>\n<p>Po do\u0142\u0105czeniu do akademii zalecamy dokona\u0107 zakupu klubowego <a href=\"https:\/\/akademiamabo.pl\/index.php\/sprzet-sportowy\/\">sprz\u0119tu pi\u0142karskiego<\/a> (getry, spodenki, koszulka). <strong>Cena sprz\u0119tu to 160 z\u0142<\/strong>. W tym sprz\u0119cie zawodnik b\u0119dzie uczestniczy\u0107 w zaj\u0119ciach pi\u0142karskich.<\/p>\n<p><strong>Wa\u017cne informacje:<\/strong><br>Akademia nie zwraca pieni\u0119dzy za nieobecno\u015bci zawodnika na zaj\u0119ciach.<br>Istnieje mo\u017cliwo\u015b\u0107 zmniejszenia lub zniesienia sk\u0142adek w przypadku, gdy zawodnik przechodzi kosztown\u0105 i d\u0142ugoterminow\u0105 rehabilitacj\u0119 (nale\u017cy poinformowa\u0107 o tym Koordynatora Akademii i przed\u0142o\u017cy\u0107 do wgl\u0105du dokumenty potwierdzaj\u0105ce taki stan rzeczy).<\/p>\n\n\n<p class=\"has-text-align-center\"><strong>Wp\u0142ata sk\u0142adki cz\u0142onkowskiej<\/strong><\/p>\n\n\n\n<p>Sk\u0142adk\u0119 nale\u017cy wp\u0142aca\u0107 do 5-go dnia ka\u017cdego miesi\u0105ca \u201ez g\u00f3ry\u201d na konto Akademii<\/p>\n\n\n\n<p class=\"has-text-align-center\">PKO BP<strong>  17 1020 3916 0000 0102 0302 1334<\/strong><br>z dopiskiem: Imi\u0119 i Nazwisko, rok urodzenia zawodnika, za jaki miesi\u0105c<br>np.: \u201eJan Nowak, rocznik 2012, op\u0142ata za miesi\u0105c maj&#8221;<\/p>\n\n\n\n<p>W celu regularnego op\u0142acania sk\u0142adek proponujemy wykona\u0107 sta\u0142e zlecenie w swoim banku co u\u0142atwi sprawne i terminowe wp\u0142aty.<\/p>\n","protected":false},"excerpt":{"rendered":"<p>Rodzice\/opiekunowie zobowi\u0105zuj\u0105 si\u0119 do terminowego op\u0142acania sk\u0142adek do 5-go dnia ka\u017cdego miesi\u0105ca. Sk\u0142adki miesi\u0119czne uiszczane przez rodzic\u00f3w wp\u0142acane s\u0105 przez 12 miesi\u0119cy w roku, przez ca\u0142y okres trwania w cz\u0142onkostwie niezale\u017cnie od ilo\u015bci zaj\u0119\u0107 treningowych w danym miesi\u0105cu (r\u00f3wnie\u017c w okresie wakacyjnym oraz \u015bwi\u0105tecznym). WYSOKO\u015a\u0106 SK\u0141ADKI I WA\u017bNE INFORMACJE Op\u0142aty&#8230; <a class=\"continue-reading-link\" href=\"https:\/\/akademiamabo.pl\/index.php\/skladki-czlonkowskie\/\"> Continue reading <span class=\"meta-nav\">&rarr; <\/span><\/a><\/p>\n","protected":false},"author":1,"featured_media":0,"parent":0,"menu_order":0,"comment_status":"closed","ping_status":"closed","template":"","meta":{"ngg_post_thumbnail":0},"_links":{"self":[{"href":"https:\/\/akademiamabo.pl\/index.php\/wp-json\/wp\/v2\/pages\/224"}],"collection":[{"href":"https:\/\/akademiamabo.pl\/index.php\/wp-json\/wp\/v2\/pages"}],"about":[{"href":"https:\/\/akademiamabo.pl\/index.php\/wp-json\/wp\/v2\/types\/page"}],"author":[{"embeddable":true,"href":"https:\/\/akademiamabo.pl\/index.php\/wp-json\/wp\/v2\/users\/1"}],"replies":[{"embeddable":true,"href":"https:\/\/akademiamabo.pl\/index.php\/wp-json\/wp\/v2\/comments?post=224"}],"version-history":[{"count":19,"href":"https:\/\/akademiamabo.pl\/index.php\/wp-json\/wp\/v2\/pages\/224\/revisions"}],"predecessor-version":[{"id":6464,"href":"https:\/\/akademiamabo.pl\/index.php\/wp-json\/wp\/v2\/pages\/224\/revisions\/6464"}],"wp:attachment":[{"href":"https:\/\/akademiamabo.pl\/index.php\/wp-json\/wp\/v2\/media?parent=224"}],"curies":[{"name":"wp","href":"https:\/\/api.w.org\/{rel}","templated":true}]}}